{"id":202,"date":"2025-05-26T19:43:15","date_gmt":"2025-05-26T19:43:15","guid":{"rendered":"https:\/\/neocalvinismo.com\/?page_id=202"},"modified":"2025-06-07T13:39:34","modified_gmt":"2025-06-07T13:39:34","slug":"sobre-nosotros","status":"publish","type":"page","link":"https:\/\/neocalvinismo.com\/?page_id=202","title":{"rendered":"Sobre nosotros"},"content":{"rendered":"\t\t<div data-elementor-type=\"wp-page\" data-elementor-id=\"202\" class=\"elementor elementor-202\">\n\t\t\t\t<div class=\"elementor-element elementor-element-7c642d2 e-flex e-con-boxed e-con e-parent\" data-id=\"7c642d2\" data-element_type=\"container\">\n\t\t\t\t\t<div class=\"e-con-inner\">\n\t\t\t\t<div class=\"elementor-element elementor-element-0dfd824 elementor-widget elementor-widget-heading\" data-id=\"0dfd824\" data-element_type=\"widget\" data-widget_type=\"heading.default\">\n\t\t\t\t<div class=\"elementor-widget-container\">\n\t\t\t\t\t<h2 class=\"elementor-heading-title elementor-size-default\">Sobre Nosotros\n<\/h2>\t\t\t\t<\/div>\n\t\t\t\t<\/div>\n\t\t\t\t\t<\/div>\n\t\t\t\t<\/div>\n\t\t<div class=\"elementor-element elementor-element-19818c9 e-flex e-con-boxed e-con e-parent\" data-id=\"19818c9\" data-element_type=\"container\">\n\t\t\t\t\t<div class=\"e-con-inner\">\n\t\t\t\t<div class=\"elementor-element elementor-element-2f3abe1 elementor-widget elementor-widget-heading\" data-id=\"2f3abe1\" data-element_type=\"widget\" data-widget_type=\"heading.default\">\n\t\t\t\t<div class=\"elementor-widget-container\">\n\t\t\t\t\t<h2 class=\"elementor-heading-title elementor-size-default\">Bienvenido a Neocalvinismo<\/h2>\t\t\t\t<\/div>\n\t\t\t\t<\/div>\n\t\t\t\t<div class=\"elementor-element elementor-element-7bc81a0 elementor-widget elementor-widget-text-editor\" data-id=\"7bc81a0\" data-element_type=\"widget\" data-widget_type=\"text-editor.default\">\n\t\t\t\t<div class=\"elementor-widget-container\">\n\t\t\t\t\t\t\t\t\t<p><span style=\"font-style: inherit;\"><b>Neocalvinismo<\/b><\/span><span style=\"font-style: inherit; font-weight: inherit;\"> es una iniciativa que tiene como objetivo promover la reflexi\u00f3n cristiana Neocalvinista en el contexto de una sociedad latinoamericana post-cristiana. Busca contribuir a una comprensi\u00f3n filos\u00f3fica m\u00e1s profunda de la realidad creada, difundiendo estas ideas con la esperanza de inspirar una integraci\u00f3n coherente entre la fe y la acci\u00f3n en la vida social. Esta integraci\u00f3n se orienta al discernimiento y aplicaci\u00f3n, con amor y diligencia, de los medios que Dios ha provisto para cumplir su prop\u00f3sito en el mundo.<\/span><\/p><p><span style=\"font-style: inherit; font-weight: inherit;\">Esta plataforma ha sido impulsada por <\/span><span style=\"font-style: inherit;\"><b>Jessica Rosales, PhD<\/b><\/span><span style=\"font-style: inherit; font-weight: inherit;\">, y <\/span><span style=\"font-style: inherit;\"><b>Roberto Belmar, M.A<\/b><\/span><span style=\"font-style: inherit; font-weight: inherit;\">. Jessica obtuvo el grado de doctora en Filosof\u00eda en Estudios Interculturales por <\/span><span style=\"font-weight: inherit;\"><i>Columbia International University<\/i><\/span><span style=\"font-style: inherit; font-weight: inherit;\">, y un Mag\u00edster en Arte y Estudios Teol\u00f3gicos en <\/span><span style=\"font-weight: inherit;\"><i>Covenant Theological Seminary<\/i><\/span><span style=\"font-style: inherit; font-weight: inherit;\">, ambas instituciones ubicadas en Estados Unidos. Roberto tambi\u00e9n posee un Mag\u00edster en Estudios Teol\u00f3gicos de <\/span><span style=\"font-weight: inherit;\"><i>Covenant Theological Seminary<\/i><\/span><span style=\"font-style: inherit; font-weight: inherit;\">.<\/span><\/p>\t\t\t\t\t\t\t\t<\/div>\n\t\t\t\t<\/div>\n\t\t\t\t\t<\/div>\n\t\t\t\t<\/div>\n\t\t<div class=\"elementor-element elementor-element-fbba9a9 e-flex e-con-boxed e-con e-parent\" data-id=\"fbba9a9\" data-element_type=\"container\">\n\t\t\t\t\t<div class=\"e-con-inner\">\n\t\t\t\t<div class=\"elementor-element elementor-element-230d71e elementor-widget elementor-widget-heading\" data-id=\"230d71e\" data-element_type=\"widget\" data-widget_type=\"heading.default\">\n\t\t\t\t<div class=\"elementor-widget-container\">\n\t\t\t\t\t<h2 class=\"elementor-heading-title elementor-size-default\">Nuestra Misi\u00f3n y Prop\u00f3sito\n<\/h2>\t\t\t\t<\/div>\n\t\t\t\t<\/div>\n\t\t\t\t<div class=\"elementor-element elementor-element-d784e81 elementor-widget elementor-widget-text-editor\" data-id=\"d784e81\" data-element_type=\"widget\" data-widget_type=\"text-editor.default\">\n\t\t\t\t<div class=\"elementor-widget-container\">\n\t\t\t\t\t\t\t\t\tNuestra iniciativa nace con el prop\u00f3sito de integrar la fe y la acci\u00f3n en la sociedad actual. Creemos en la importancia de descubrir y aplicar los medios que Dios ha provisto para su prop\u00f3sito en el mundo, y lo hacemos con amor y diligencia. A trav\u00e9s de la difusi\u00f3n de las ense\u00f1anzas neocalvinistas, buscamos que esta cosmovisi\u00f3n transformadora impacte y renueve diferentes \u00e1reas de la sociedad.\n\n\t\t\t\t\t\t\t\t<\/div>\n\t\t\t\t<\/div>\n\t\t\t\t\t<\/div>\n\t\t\t\t<\/div>\n\t\t<div class=\"elementor-element elementor-element-884d4bb e-flex e-con-boxed e-con e-parent\" data-id=\"884d4bb\" data-element_type=\"container\">\n\t\t\t\t\t<div class=\"e-con-inner\">\n\t\t\t\t<div class=\"elementor-element elementor-element-da824ba elementor-widget elementor-widget-heading\" data-id=\"da824ba\" data-element_type=\"widget\" data-widget_type=\"heading.default\">\n\t\t\t\t<div class=\"elementor-widget-container\">\n\t\t\t\t\t<h2 class=\"elementor-heading-title elementor-size-default\">Nuestro Compromiso\n<\/h2>\t\t\t\t<\/div>\n\t\t\t\t<\/div>\n\t\t\t\t<div class=\"elementor-element elementor-element-02ef3ea elementor-widget elementor-widget-text-editor\" data-id=\"02ef3ea\" data-element_type=\"widget\" data-widget_type=\"text-editor.default\">\n\t\t\t\t<div class=\"elementor-widget-container\">\n\t\t\t\t\t\t\t\t\tEn neocalvinismo, nos comprometemos a presentar el contenido con excelencia y precisi\u00f3n. Nuestro objetivo es proporcionar una plataforma donde la comunidad interesada en el neocalvinismo pueda encontrar recursos valiosos y reflexiones que enriquezcan su fe y comprensi\u00f3n del mundo.\n\n\t\t\t\t\t\t\t\t<\/div>\n\t\t\t\t<\/div>\n\t\t\t\t\t<\/div>\n\t\t\t\t<\/div>\n\t\t<div class=\"elementor-element elementor-element-2acf78b e-flex e-con-boxed e-con e-parent\" data-id=\"2acf78b\" data-element_type=\"container\">\n\t\t\t\t\t<div class=\"e-con-inner\">\n\t\t\t\t<div class=\"elementor-element elementor-element-939949a elementor-widget elementor-widget-heading\" data-id=\"939949a\" data-element_type=\"widget\" data-widget_type=\"heading.default\">\n\t\t\t\t<div class=\"elementor-widget-container\">\n\t\t\t\t\t<h2 class=\"elementor-heading-title elementor-size-default\">\u00danete a Nuestra Comunidad\n<\/h2>\t\t\t\t<\/div>\n\t\t\t\t<\/div>\n\t\t\t\t<div class=\"elementor-element elementor-element-9bf0c84 elementor-widget elementor-widget-text-editor\" data-id=\"9bf0c84\" data-element_type=\"widget\" data-widget_type=\"text-editor.default\">\n\t\t\t\t<div class=\"elementor-widget-container\">\n\t\t\t\t\t\t\t\t\tNos emociona construir una comunidad comprometida con el neocalvinismo y su impacto en la sociedad. Te invitamos a explorar nuestros art\u00edculos informativos y unirte de manera m\u00e1s activa por medio de:<br>\n&#8211; <b>Oraci\u00f3n<\/b>: pidiendo a Dios por nosotros y por quienes est\u00e1n comprometidos por aprender y difundir esta visi\u00f3n transformadora.<br>\n&#8211; <b>Voluntariado<\/b>: dedicando parte de tu tiempo como voluntario.<br>\n&#8211; <b>Donaci\u00f3n<\/b>: puedes ayudarnos con tus recursos al mantenimiento de esta iniciativa.<br><br>\nJuntos, esperamos marcar una diferencia positiva en el mundo que nos rodea.\n<br><br>\nEscr\u00edbenos: <b>infoneocalvinismo@gmail.com<\/b>\n\n\t\t\t\t\t\t\t\t<\/div>\n\t\t\t\t<\/div>\n\t\t\t\t\t<\/div>\n\t\t\t\t<\/div>\n\t\t<div class=\"elementor-element elementor-element-8fb28e1 e-flex e-con-boxed e-con e-parent\" data-id=\"8fb28e1\" data-element_type=\"container\">\n\t\t\t\t\t<div class=\"e-con-inner\">\n\t\t\t\t<div class=\"elementor-element elementor-element-7251c35 elementor-widget elementor-widget-heading\" data-id=\"7251c35\" data-element_type=\"widget\" data-widget_type=\"heading.default\">\n\t\t\t\t<div class=\"elementor-widget-container\">\n\t\t\t\t\t<h2 class=\"elementor-heading-title elementor-size-default\">Sitios de Inter\u00e9s<\/h2>\t\t\t\t<\/div>\n\t\t\t\t<\/div>\n\t\t\t\t<div class=\"elementor-element elementor-element-c4d1287 elementor-widget elementor-widget-text-editor\" data-id=\"c4d1287\" data-element_type=\"widget\" data-widget_type=\"text-editor.default\">\n\t\t\t\t<div class=\"elementor-widget-container\">\n\t\t\t\t\t\t\t\t\t<p><a href=\"http:\/\/www.artway.eu\/\">http:\/\/www.artway.eu\/<\/a><br \/><br \/><a href=\"http:\/\/www.entrelineas.org\/\">http:\/\/www.entrelineas.org\/<\/a><br \/><br \/><a href=\"http:\/\/www.dooy.info\/\">http:\/\/www.dooy.info\/<\/a><br \/><br \/><a href=\"http:\/\/www.neocalvinism.org\/\">http:\/\/www.neocalvinism.org\/<\/a><br \/><br \/><a href=\"http:\/\/www.thinkfaith.net\">http:\/\/www.thinkfaith.net<\/a><\/p><p><a href=\"https:\/\/kirbylaingcentre.co.uk\/\">https:\/\/kirbylaingcentre.co.uk\/<\/a><\/p><p><a href=\"https:\/\/www.centrokuyper.com\/\">https:\/\/www.centrokuyper.com\/<\/a><\/p>\t\t\t\t\t\t\t\t<\/div>\n\t\t\t\t<\/div>\n\t\t\t\t\t<\/div>\n\t\t\t\t<\/div>\n\t\t\t\t<\/div>\n\t\t","protected":false},"excerpt":{"rendered":"<p>Sobre Nosotros Bienvenido a Neocalvinismo Neocalvinismo es una iniciativa que tiene como objetivo promover la reflexi\u00f3n cristiana Neocalvinista en el [&hellip;]<\/p>\n","protected":false},"author":1,"featured_media":0,"parent":0,"menu_order":0,"comment_status":"closed","ping_status":"closed","template":"","meta":{"site-sidebar-layout":"no-sidebar","site-content-layout":"","ast-site-content-layout":"full-width-container","site-content-style":"default","site-sidebar-style":"default","ast-global-header-display":"","ast-banner-title-visibility":"","ast-main-header-display":"","ast-hfb-above-header-display":"","ast-hfb-below-header-display":"","ast-hfb-mobile-header-display":"","site-post-title":"disabled","ast-breadcrumbs-content":"","ast-featured-img":"disabled","footer-sml-layout":"","theme-transparent-header-meta":"","adv-header-id-meta":"","stick-header-meta":"","header-above-stick-meta":"","header-main-stick-meta":"","header-below-stick-meta":"","astra-migrate-meta-layouts":"default","ast-page-background-enabled":"default","ast-page-background-meta":{"desktop":{"background-color":"var(--ast-global-color-5)","background-image":"","background-repeat":"repeat","background-position":"center center","background-size":"auto","background-attachment":"scroll","background-type":"","background-media":"","overlay-type":"","overlay-color":"","overlay-opacity":"","overlay-gradient":""},"tablet":{"background-color":"","background-image":"","background-repeat":"repeat","background-position":"center center","background-size":"auto","background-attachment":"scroll","background-type":"","background-media":"","overlay-type":"","overlay-color":"","overlay-opacity":"","overlay-gradient":""},"mobile":{"background-color":"","background-image":"","background-repeat":"repeat","background-position":"center center","background-size":"auto","background-attachment":"scroll","background-type":"","background-media":"","overlay-type":"","overlay-color":"","overlay-opacity":"","overlay-gradient":""}},"ast-content-background-meta":{"desktop":{"background-color":"var(--ast-global-color-4)","background-image":"","background-repeat":"repeat","background-position":"center center","background-size":"auto","background-attachment":"scroll","background-type":"","background-media":"","overlay-type":"","overlay-color":"","overlay-opacity":"","overlay-gradient":""},"tablet":{"background-color":"var(--ast-global-color-4)","background-image":"","background-repeat":"repeat","background-position":"center center","background-size":"auto","background-attachment":"scroll","background-type":"","background-media":"","overlay-type":"","overlay-color":"","overlay-opacity":"","overlay-gradient":""},"mobile":{"background-color":"var(--ast-global-color-4)","background-image":"","background-repeat":"repeat","background-position":"center center","background-size":"auto","background-attachment":"scroll","background-type":"","background-media":"","overlay-type":"","overlay-color":"","overlay-opacity":"","overlay-gradient":""}},"footnotes":""},"class_list":["post-202","page","type-page","status-publish","hentry"],"_links":{"self":[{"href":"https:\/\/neocalvinismo.com\/index.php?rest_route=\/wp\/v2\/pages\/202","targetHints":{"allow":["GET"]}}],"collection":[{"href":"https:\/\/neocalvinismo.com\/index.php?rest_route=\/wp\/v2\/pages"}],"about":[{"href":"https:\/\/neocalvinismo.com\/index.php?rest_route=\/wp\/v2\/types\/page"}],"author":[{"embeddable":true,"href":"https:\/\/neocalvinismo.com\/index.php?rest_route=\/wp\/v2\/users\/1"}],"replies":[{"embeddable":true,"href":"https:\/\/neocalvinismo.com\/index.php?rest_route=%2Fwp%2Fv2%2Fcomments&post=202"}],"version-history":[{"count":13,"href":"https:\/\/neocalvinismo.com\/index.php?rest_route=\/wp\/v2\/pages\/202\/revisions"}],"predecessor-version":[{"id":247,"href":"https:\/\/neocalvinismo.com\/index.php?rest_route=\/wp\/v2\/pages\/202\/revisions\/247"}],"wp:attachment":[{"href":"https:\/\/neocalvinismo.com\/index.php?rest_route=%2Fwp%2Fv2%2Fmedia&parent=202"}],"curies":[{"name":"wp","href":"https:\/\/api.w.org\/{rel}","templated":true}]}}